{"id":1041,"date":"2023-03-31T15:44:40","date_gmt":"2023-03-31T13:44:40","guid":{"rendered":"https:\/\/ferenprovence.com\/?page_id=1041"},"modified":"2025-09-02T23:09:09","modified_gmt":"2025-09-02T21:09:09","slug":"tringle-a-rideaux","status":"publish","type":"page","link":"https:\/\/ferenprovence.com\/index.php\/tringle-a-rideaux\/","title":{"rendered":"Tringle \u00e0 Rideaux"},"content":{"rendered":"\n<h2 class=\"alignfull has-text-align-left\">Nous r\u00e9alisons vos tringles \u00e0 rideaux sur-mesure<\/h2>\n\n\n\n<h3 class=\"alignfull\">D\u00e9couvrez l&rsquo;\u00e9l\u00e9gance des tringles \u00e0 rideaux en fer forg\u00e9<\/h3>\n\n\n\n<p><meta charset=\"utf-8\">Demandez le <a href=\"https:\/\/ferenprovence.com\/index.php\/contact\/\">devis<\/a> de votre tringle \u00e0 rideaux en fer forg\u00e9 sur-mesure via notre formulaire de la page contact.<\/p>\n\n\n\n<p>Fournissez-nous la dimension de votre ouverture, porte ou fen\u00eatre. Nous nous chargeons de r\u00e9aliser votre tringle \u00e0 rideaux \u00e0 la dimension optimale.<\/p>\n\n\n\n<p>Les tringles \u00e0 rideaux coud\u00e9es typiquement proven\u00e7ale r\u00e9aliser par Fer en Provence permet \u00e0 vos rideaux de coulisser tr\u00e8s facilement. Vous pouvez choisir de personnaliser vos tringles \u00e0 rideaux en nous communiquant la dimension du diam\u00e8tre choisi. <\/p>\n\n\n\n<p>Nos tringles \u00e0 rideaux en fer forg\u00e9 sur-mesure s&rsquo;accorde parfaitement avec nos ouvertures, portes et fen\u00eatre en fer. Cependant, nos tringles \u00e0 rideaux en fer forg\u00e9 sur-mesure apporte \u00e9galement du style aux diff\u00e9rents types de menuiseries.<\/p>\n\n\n\n<p>Vous souhaiter coudre vous m\u00eame vos rideaux ? Nous vous recommandons de coudre un passe tringle afin de garantir le coulissement de vos rideaux sur vos tringles. <\/p>\n\n\n\n<p>Chez <strong>Fer en Provence<\/strong>, nous sommes sp\u00e9cialis\u00e9s dans la cr\u00e9ation de tringles \u00e0 rideaux en fer forg\u00e9 sur mesure. Nos artisans passionn\u00e9s mettent leur savoir-faire \u00e0 votre service pour vous offrir des produits uniques, alliant esth\u00e9tisme et robustesse.<\/p>\n\n\n\n<h3 class=\"alignfull\">Pourquoi choisir nos tringles \u00e0 rideaux en fer forg\u00e9 ?<\/h3>\n\n\n\n<ul><li>Chaque tringle \u00e0 rideau est fabriqu\u00e9e selon vos dimensions et vos pr\u00e9f\u00e9rences. Vous pouvez choisir le style, la finition, et les d\u00e9tails pour une int\u00e9gration parfaite \u00e0 votre int\u00e9rieur.<\/li><li><strong>Qualit\u00e9 Artisanale<\/strong> : Nos tringles \u00e0 rideaux sont forg\u00e9es \u00e0 la main par des artisans exp\u00e9riment\u00e9s, garantissant une qualit\u00e9 exceptionnelle et une long\u00e9vit\u00e9 incomparable. <\/li><li>Ajoutez une touche d&rsquo;\u00e9l\u00e9gance et de sophistication \u00e0 votre d\u00e9coration avec nos designs personnalis\u00e9s et originaux en fer forg\u00e9.<\/li><\/ul>\n\n\n\n<h3>Nos engagements<\/h3>\n\n\n\n<ol><li><strong>Mat\u00e9riaux de Haute Qualit\u00e9<\/strong> : Nous utilisons du fer de premi\u00e8re qualit\u00e9 pour garantir des tringles \u00e0 rideaux solides et durables.<\/li><li><strong>Service Client D\u00e9di\u00e9<\/strong> : Notre \u00e9quipe est \u00e0 votre \u00e9coute pour vous conseiller et vous accompagner tout au long de votre projet.<\/li><li><strong>Livraison Rapide et Soign\u00e9e<\/strong> : Nous assurons une livraison rapide et s\u00e9curis\u00e9e de vos tringles \u00e0 rideaux, partout en France.<\/li><\/ol>\n\n\n\n<h3>Comment commander vos tringles \u00e0 rideaux proven\u00e7ales ?<\/h3>\n\n\n\n<ol><li><strong>Contactez-nous<\/strong> via notre formulaire en ligne ou par t\u00e9l\u00e9phone pour discuter de votre projet.<\/li><li><strong>D\u00e9finissez vos besoins<\/strong> : dimensions, style, finitions, etc.<\/li><li><strong>Recevez un devis personnalis\u00e9<\/strong> et validez votre commande.<\/li><li><strong>Suivez la fabrication<\/strong> : nous vous tenons inform\u00e9 de chaque \u00e9tape de la r\u00e9alisation de votre tringle \u00e0 rideaux sur mesure.<\/li><li><strong>Recevez votre produit<\/strong> et profitez d&rsquo;une installation facile et rapide.<\/li><\/ol>\n\n\n\n<h3>Contactez-Nous<\/h3>\n\n\n\n<p>Pr\u00eat \u00e0 ajouter une touche de charme et d&rsquo;\u00e9l\u00e9gance \u00e0 vos fen\u00eatres ? <strong>Fer en Provence<\/strong> est l\u00e0 pour r\u00e9aliser vos envies. Contactez-nous d\u00e8s aujourd&rsquo;hui pour discuter de votre projet de tringles \u00e0 rideaux sur mesure en fer forg\u00e9.<\/p>\n\n\n\n<div class=\"wp-block-columns alignfull\">\n<div class=\"wp-block-column\"><\/div>\n\n\n\n<div class=\"wp-block-column\"><\/div>\n\n\n\n<div class=\"wp-block-column\">\n<div class=\"wp-block-image\"><figure class=\"alignright size-large is-resized\"><a href=\"https:\/\/www.ferenprovence.com\"><img loading=\"lazy\" src=\"https:\/\/ferenprovence.com\/wp-content\/uploads\/2021\/11\/fer-en-provence-14-1024x1024.jpg\" alt=\"retour \u00e0 l'accueil\" class=\"wp-image-671\" width=\"160\" height=\"160\" srcset=\"https:\/\/ferenprovence.com\/wp-content\/uploads\/2021\/11\/fer-en-provence-14-1024x1024.jpg 1024w, https:\/\/ferenprovence.com\/wp-content\/uploads\/2021\/11\/fer-en-provence-14-300x300.jpg 300w, https:\/\/ferenprovence.com\/wp-content\/uploads\/2021\/11\/fer-en-provence-14-150x150.jpg 150w, https:\/\/ferenprovence.com\/wp-content\/uploads\/2021\/11\/fer-en-provence-14-768x768.jpg 768w, https:\/\/ferenprovence.com\/wp-content\/uploads\/2021\/11\/fer-en-provence-14.jpg 1080w\" sizes=\"(max-width: 160px) 100vw, 160px\" \/><\/a><\/figure><\/div>\n<\/div>\n<\/div>\n\n\n\n<p><\/p>\n","protected":false},"excerpt":{"rendered":"<p>Nous r\u00e9alisons vos tringles \u00e0 rideaux sur-mesure D\u00e9couvrez l&rsquo;\u00e9l\u00e9gance des tringles \u00e0 rideaux en fer forg\u00e9 Demandez le devis de votre tringle \u00e0 rideaux en fer forg\u00e9 sur-mesure via notre formulaire de la page contact. Fournissez-nous la dimension de votre ouverture, porte ou fen\u00eatre. Nous nous chargeons de r\u00e9aliser votre tringle \u00e0 rideaux \u00e0 la &hellip; <\/p>\n<p class=\"link-more\"><a href=\"https:\/\/ferenprovence.com\/index.php\/tringle-a-rideaux\/\" class=\"more-link\">Continuer la lecture <span class=\"screen-reader-text\"> \u00ab\u00a0Tringle \u00e0 Rideaux\u00a0\u00bb<\/span><\/a><\/p>\n","protected":false},"author":1,"featured_media":0,"parent":0,"menu_order":0,"comment_status":"closed","ping_status":"closed","template":"","meta":[],"yoast_head":"<!-- This site is optimized with the Yoast SEO plugin v19.4 - https:\/\/yoast.com\/wordpress\/plugins\/seo\/ -->\n<title>tringle \u00e0 rideaux en fer forg\u00e9 sur-mesure<\/title>\n<meta name=\"description\" content=\"Fer en Provence r\u00e9alise vos tringle \u00e0 rideaux en fer forg\u00e9 sur-mesure. Choisissez votre mod\u00e8le et la finition qui vous convient.\" \/>\n<meta name=\"robots\" content=\"index, follow, max-snippet:-1, max-image-preview:large, max-video-preview:-1\" \/>\n<link rel=\"canonical\" href=\"https:\/\/ferenprovence.com\/index.php\/tringle-a-rideaux\/\" \/>\n<meta property=\"og:locale\" content=\"fr_FR\" \/>\n<meta property=\"og:type\" content=\"article\" \/>\n<meta property=\"og:title\" content=\"tringle \u00e0 rideaux en fer forg\u00e9 sur-mesure\" \/>\n<meta property=\"og:description\" content=\"Fer en Provence r\u00e9alise vos tringle \u00e0 rideaux en fer forg\u00e9 sur-mesure. Choisissez votre mod\u00e8le et la finition qui vous convient.\" \/>\n<meta property=\"og:url\" content=\"https:\/\/ferenprovence.com\/index.php\/tringle-a-rideaux\/\" \/>\n<meta property=\"og:site_name\" content=\"Fer en Provence\" \/>\n<meta property=\"article:publisher\" content=\"https:\/\/www.facebook.com\/ferenprovence\" \/>\n<meta property=\"article:modified_time\" content=\"2025-09-02T21:09:09+00:00\" \/>\n<meta property=\"og:image\" content=\"https:\/\/ferenprovence.com\/wp-content\/uploads\/2021\/11\/fer-en-provence-14-1024x1024.jpg\" \/>\n<meta name=\"twitter:card\" content=\"summary_large_image\" \/>\n<meta name=\"twitter:label1\" content=\"Dur\u00e9e de lecture estim\u00e9e\" \/>\n\t<meta name=\"twitter:data1\" content=\"2 minutes\" \/>\n<script type=\"application\/ld+json\" class=\"yoast-schema-graph\">{\"@context\":\"https:\/\/schema.org\",\"@graph\":[{\"@type\":\"Organization\",\"@id\":\"https:\/\/ferenprovence.com\/#organization\",\"name\":\"Fer en Provence\",\"url\":\"https:\/\/ferenprovence.com\/\",\"sameAs\":[\"https:\/\/www.instagram.com\/ferenprovence\",\"https:\/\/www.pinterest.fr\/ferenprovence\",\"https:\/\/www.facebook.com\/ferenprovence\"],\"logo\":{\"@type\":\"ImageObject\",\"inLanguage\":\"fr-FR\",\"@id\":\"https:\/\/ferenprovence.com\/#\/schema\/logo\/image\/\",\"url\":\"https:\/\/ferenprovence.com\/wp-content\/uploads\/2021\/11\/cropped-Sans-titre.jpg\",\"contentUrl\":\"https:\/\/ferenprovence.com\/wp-content\/uploads\/2021\/11\/cropped-Sans-titre.jpg\",\"width\":250,\"height\":250,\"caption\":\"Fer en Provence\"},\"image\":{\"@id\":\"https:\/\/ferenprovence.com\/#\/schema\/logo\/image\/\"}},{\"@type\":\"WebSite\",\"@id\":\"https:\/\/ferenprovence.com\/#website\",\"url\":\"https:\/\/ferenprovence.com\/\",\"name\":\"Fer en Provence\",\"description\":\"Ferronnerie d&#039;art au coeur du Luberon\",\"publisher\":{\"@id\":\"https:\/\/ferenprovence.com\/#organization\"},\"potentialAction\":[{\"@type\":\"SearchAction\",\"target\":{\"@type\":\"EntryPoint\",\"urlTemplate\":\"https:\/\/ferenprovence.com\/?s={search_term_string}\"},\"query-input\":\"required name=search_term_string\"}],\"inLanguage\":\"fr-FR\"},{\"@type\":\"WebPage\",\"@id\":\"https:\/\/ferenprovence.com\/index.php\/tringle-a-rideaux\/\",\"url\":\"https:\/\/ferenprovence.com\/index.php\/tringle-a-rideaux\/\",\"name\":\"tringle \u00e0 rideaux en fer forg\u00e9 sur-mesure\",\"isPartOf\":{\"@id\":\"https:\/\/ferenprovence.com\/#website\"},\"datePublished\":\"2023-03-31T13:44:40+00:00\",\"dateModified\":\"2025-09-02T21:09:09+00:00\",\"description\":\"Fer en Provence r\u00e9alise vos tringle \u00e0 rideaux en fer forg\u00e9 sur-mesure. Choisissez votre mod\u00e8le et la finition qui vous convient.\",\"breadcrumb\":{\"@id\":\"https:\/\/ferenprovence.com\/index.php\/tringle-a-rideaux\/#breadcrumb\"},\"inLanguage\":\"fr-FR\",\"potentialAction\":[{\"@type\":\"ReadAction\",\"target\":[\"https:\/\/ferenprovence.com\/index.php\/tringle-a-rideaux\/\"]}]},{\"@type\":\"BreadcrumbList\",\"@id\":\"https:\/\/ferenprovence.com\/index.php\/tringle-a-rideaux\/#breadcrumb\",\"itemListElement\":[{\"@type\":\"ListItem\",\"position\":1,\"name\":\"Accueil\",\"item\":\"https:\/\/ferenprovence.com\/\"},{\"@type\":\"ListItem\",\"position\":2,\"name\":\"Tringle \u00e0 Rideaux\"}]}]}<\/script>\n<!-- \/ Yoast SEO plugin. -->","yoast_head_json":{"title":"tringle \u00e0 rideaux en fer forg\u00e9 sur-mesure","description":"Fer en Provence r\u00e9alise vos tringle \u00e0 rideaux en fer forg\u00e9 sur-mesure. Choisissez votre mod\u00e8le et la finition qui vous convient.","robots":{"index":"index","follow":"follow","max-snippet":"max-snippet:-1","max-image-preview":"max-image-preview:large","max-video-preview":"max-video-preview:-1"},"canonical":"https:\/\/ferenprovence.com\/index.php\/tringle-a-rideaux\/","og_locale":"fr_FR","og_type":"article","og_title":"tringle \u00e0 rideaux en fer forg\u00e9 sur-mesure","og_description":"Fer en Provence r\u00e9alise vos tringle \u00e0 rideaux en fer forg\u00e9 sur-mesure. Choisissez votre mod\u00e8le et la finition qui vous convient.","og_url":"https:\/\/ferenprovence.com\/index.php\/tringle-a-rideaux\/","og_site_name":"Fer en Provence","article_publisher":"https:\/\/www.facebook.com\/ferenprovence","article_modified_time":"2025-09-02T21:09:09+00:00","og_image":[{"url":"https:\/\/ferenprovence.com\/wp-content\/uploads\/2021\/11\/fer-en-provence-14-1024x1024.jpg"}],"twitter_card":"summary_large_image","twitter_misc":{"Dur\u00e9e de lecture estim\u00e9e":"2 minutes"},"schema":{"@context":"https:\/\/schema.org","@graph":[{"@type":"Organization","@id":"https:\/\/ferenprovence.com\/#organization","name":"Fer en Provence","url":"https:\/\/ferenprovence.com\/","sameAs":["https:\/\/www.instagram.com\/ferenprovence","https:\/\/www.pinterest.fr\/ferenprovence","https:\/\/www.facebook.com\/ferenprovence"],"logo":{"@type":"ImageObject","inLanguage":"fr-FR","@id":"https:\/\/ferenprovence.com\/#\/schema\/logo\/image\/","url":"https:\/\/ferenprovence.com\/wp-content\/uploads\/2021\/11\/cropped-Sans-titre.jpg","contentUrl":"https:\/\/ferenprovence.com\/wp-content\/uploads\/2021\/11\/cropped-Sans-titre.jpg","width":250,"height":250,"caption":"Fer en Provence"},"image":{"@id":"https:\/\/ferenprovence.com\/#\/schema\/logo\/image\/"}},{"@type":"WebSite","@id":"https:\/\/ferenprovence.com\/#website","url":"https:\/\/ferenprovence.com\/","name":"Fer en Provence","description":"Ferronnerie d&#039;art au coeur du Luberon","publisher":{"@id":"https:\/\/ferenprovence.com\/#organization"},"potentialAction":[{"@type":"SearchAction","target":{"@type":"EntryPoint","urlTemplate":"https:\/\/ferenprovence.com\/?s={search_term_string}"},"query-input":"required name=search_term_string"}],"inLanguage":"fr-FR"},{"@type":"WebPage","@id":"https:\/\/ferenprovence.com\/index.php\/tringle-a-rideaux\/","url":"https:\/\/ferenprovence.com\/index.php\/tringle-a-rideaux\/","name":"tringle \u00e0 rideaux en fer forg\u00e9 sur-mesure","isPartOf":{"@id":"https:\/\/ferenprovence.com\/#website"},"datePublished":"2023-03-31T13:44:40+00:00","dateModified":"2025-09-02T21:09:09+00:00","description":"Fer en Provence r\u00e9alise vos tringle \u00e0 rideaux en fer forg\u00e9 sur-mesure. Choisissez votre mod\u00e8le et la finition qui vous convient.","breadcrumb":{"@id":"https:\/\/ferenprovence.com\/index.php\/tringle-a-rideaux\/#breadcrumb"},"inLanguage":"fr-FR","potentialAction":[{"@type":"ReadAction","target":["https:\/\/ferenprovence.com\/index.php\/tringle-a-rideaux\/"]}]},{"@type":"BreadcrumbList","@id":"https:\/\/ferenprovence.com\/index.php\/tringle-a-rideaux\/#breadcrumb","itemListElement":[{"@type":"ListItem","position":1,"name":"Accueil","item":"https:\/\/ferenprovence.com\/"},{"@type":"ListItem","position":2,"name":"Tringle \u00e0 Rideaux"}]}]}},"_links":{"self":[{"href":"https:\/\/ferenprovence.com\/index.php\/wp-json\/wp\/v2\/pages\/1041"}],"collection":[{"href":"https:\/\/ferenprovence.com\/index.php\/wp-json\/wp\/v2\/pages"}],"about":[{"href":"https:\/\/ferenprovence.com\/index.php\/wp-json\/wp\/v2\/types\/page"}],"author":[{"embeddable":true,"href":"https:\/\/ferenprovence.com\/index.php\/wp-json\/wp\/v2\/users\/1"}],"replies":[{"embeddable":true,"href":"https:\/\/ferenprovence.com\/index.php\/wp-json\/wp\/v2\/comments?post=1041"}],"version-history":[{"count":33,"href":"https:\/\/ferenprovence.com\/index.php\/wp-json\/wp\/v2\/pages\/1041\/revisions"}],"predecessor-version":[{"id":2229,"href":"https:\/\/ferenprovence.com\/index.php\/wp-json\/wp\/v2\/pages\/1041\/revisions\/2229"}],"wp:attachment":[{"href":"https:\/\/ferenprovence.com\/index.php\/wp-json\/wp\/v2\/media?parent=1041"}],"curies":[{"name":"wp","href":"https:\/\/api.w.org\/{rel}","templated":true}]}}