{"id":196,"date":"2021-11-05T17:13:31","date_gmt":"2021-11-05T16:13:31","guid":{"rendered":"http:\/\/ferenprovence.com\/?page_id=196"},"modified":"2025-09-02T23:29:37","modified_gmt":"2025-09-02T21:29:37","slug":"finitions-ferronnerie-provence","status":"publish","type":"page","link":"https:\/\/ferenprovence.com\/index.php\/finitions-ferronnerie-provence\/","title":{"rendered":"Finitions"},"content":{"rendered":"\n<figure class=\"wp-block-pullquote alignwide\"><blockquote><p>Quelle finition pour votre projet ?<\/p><\/blockquote><\/figure>\n\n\n\n<div class=\"wp-block-columns alignwide\">\n<div class=\"wp-block-column\">\n<figure class=\"wp-block-image size-large\"><img loading=\"lazy\" width=\"1024\" height=\"1024\" src=\"https:\/\/ferenprovence.com\/wp-content\/uploads\/2021\/11\/16fer-en-provence-fer-forge\u0301-1024x1024.jpg\" alt=\"Finition fer brut rouill\u00e9\" class=\"wp-image-478\" srcset=\"https:\/\/ferenprovence.com\/wp-content\/uploads\/2021\/11\/16fer-en-provence-fer-forge\u0301-1024x1024.jpg 1024w, https:\/\/ferenprovence.com\/wp-content\/uploads\/2021\/11\/16fer-en-provence-fer-forge\u0301-300x300.jpg 300w, https:\/\/ferenprovence.com\/wp-content\/uploads\/2021\/11\/16fer-en-provence-fer-forge\u0301-150x150.jpg 150w, https:\/\/ferenprovence.com\/wp-content\/uploads\/2021\/11\/16fer-en-provence-fer-forge\u0301-768x768.jpg 768w, https:\/\/ferenprovence.com\/wp-content\/uploads\/2021\/11\/16fer-en-provence-fer-forge\u0301.jpg 1080w\" sizes=\"(max-width: 1024px) 100vw, 1024px\" \/><\/figure>\n\n\n\n<p><\/p>\n<\/div>\n\n\n\n<div class=\"wp-block-column\">\n<figure class=\"wp-block-image size-large\"><a href=\"https:\/\/ferenprovence.com\/index.php\/portail-et-portillon-en-fer\/\"><img loading=\"lazy\" width=\"1024\" height=\"1024\" src=\"https:\/\/ferenprovence.com\/wp-content\/uploads\/2021\/11\/19fer-en-provence-fer-forge\u0301-2-1024x1024.jpg\" alt=\"finition vernis\" class=\"wp-image-481\" srcset=\"https:\/\/ferenprovence.com\/wp-content\/uploads\/2021\/11\/19fer-en-provence-fer-forge\u0301-2-1024x1024.jpg 1024w, https:\/\/ferenprovence.com\/wp-content\/uploads\/2021\/11\/19fer-en-provence-fer-forge\u0301-2-300x300.jpg 300w, https:\/\/ferenprovence.com\/wp-content\/uploads\/2021\/11\/19fer-en-provence-fer-forge\u0301-2-150x150.jpg 150w, https:\/\/ferenprovence.com\/wp-content\/uploads\/2021\/11\/19fer-en-provence-fer-forge\u0301-2-768x768.jpg 768w, https:\/\/ferenprovence.com\/wp-content\/uploads\/2021\/11\/19fer-en-provence-fer-forge\u0301-2.jpg 1080w\" sizes=\"(max-width: 1024px) 100vw, 1024px\" \/><\/a><\/figure>\n\n\n\n<p><\/p>\n<\/div>\n<\/div>\n\n\n\n<div class=\"wp-block-columns alignwide\">\n<div class=\"wp-block-column\">\n<figure class=\"wp-block-image size-large\"><a href=\"https:\/\/www.instagram.com\/p\/CquSZoZNpur\/\"><img loading=\"lazy\" width=\"1024\" height=\"1024\" src=\"https:\/\/ferenprovence.com\/wp-content\/uploads\/2021\/11\/32fer-en-provence-fer-forge\u0301-2-1024x1024.jpg\" alt=\"Finition peinture thermolaque\" class=\"wp-image-494\" srcset=\"https:\/\/ferenprovence.com\/wp-content\/uploads\/2021\/11\/32fer-en-provence-fer-forge\u0301-2-1024x1024.jpg 1024w, https:\/\/ferenprovence.com\/wp-content\/uploads\/2021\/11\/32fer-en-provence-fer-forge\u0301-2-300x300.jpg 300w, https:\/\/ferenprovence.com\/wp-content\/uploads\/2021\/11\/32fer-en-provence-fer-forge\u0301-2-150x150.jpg 150w, https:\/\/ferenprovence.com\/wp-content\/uploads\/2021\/11\/32fer-en-provence-fer-forge\u0301-2-768x768.jpg 768w, https:\/\/ferenprovence.com\/wp-content\/uploads\/2021\/11\/32fer-en-provence-fer-forge\u0301-2.jpg 1080w\" sizes=\"(max-width: 1024px) 100vw, 1024px\" \/><\/a><\/figure>\n\n\n\n<p><\/p>\n<\/div>\n\n\n\n<div class=\"wp-block-column\">\n<figure class=\"wp-block-image size-large\"><a href=\"https:\/\/www.instagram.com\/p\/CWBUuvzNBby\/\"><img loading=\"lazy\" width=\"1024\" height=\"1024\" src=\"https:\/\/ferenprovence.com\/wp-content\/uploads\/2021\/11\/17fer-en-provence-fer-forge\u0301-1-1024x1024.jpg\" alt=\"Finition fer Gris \/ Noir\" class=\"wp-image-479\" srcset=\"https:\/\/ferenprovence.com\/wp-content\/uploads\/2021\/11\/17fer-en-provence-fer-forge\u0301-1-1024x1024.jpg 1024w, https:\/\/ferenprovence.com\/wp-content\/uploads\/2021\/11\/17fer-en-provence-fer-forge\u0301-1-300x300.jpg 300w, https:\/\/ferenprovence.com\/wp-content\/uploads\/2021\/11\/17fer-en-provence-fer-forge\u0301-1-150x150.jpg 150w, https:\/\/ferenprovence.com\/wp-content\/uploads\/2021\/11\/17fer-en-provence-fer-forge\u0301-1-768x768.jpg 768w, https:\/\/ferenprovence.com\/wp-content\/uploads\/2021\/11\/17fer-en-provence-fer-forge\u0301-1.jpg 1080w\" sizes=\"(max-width: 1024px) 100vw, 1024px\" \/><\/a><\/figure>\n\n\n\n<p><\/p>\n<\/div>\n<\/div>\n\n\n\n<div class=\"wp-block-image\"><figure class=\"alignright size-large is-resized\"><a href=\"https:\/\/ferenprovence.com\/\"><img loading=\"lazy\" src=\"https:\/\/ferenprovence.com\/wp-content\/uploads\/2021\/11\/fer-en-provence-13-1024x1024.jpg\" alt=\"retour a l'accueil\" class=\"wp-image-666\" width=\"209\" height=\"209\" srcset=\"https:\/\/ferenprovence.com\/wp-content\/uploads\/2021\/11\/fer-en-provence-13-1024x1024.jpg 1024w, https:\/\/ferenprovence.com\/wp-content\/uploads\/2021\/11\/fer-en-provence-13-300x300.jpg 300w, https:\/\/ferenprovence.com\/wp-content\/uploads\/2021\/11\/fer-en-provence-13-150x150.jpg 150w, https:\/\/ferenprovence.com\/wp-content\/uploads\/2021\/11\/fer-en-provence-13-768x768.jpg 768w, https:\/\/ferenprovence.com\/wp-content\/uploads\/2021\/11\/fer-en-provence-13.jpg 1080w\" sizes=\"(max-width: 209px) 100vw, 209px\" \/><\/a><\/figure><\/div>\n\n\n\n<h2>Choisissez les finitions de votre ferronnerie <\/h2>\n\n\n\n<p>D\u00e9couvrez le d\u00e9tail des finitions ferronnerie :<\/p>\n\n\n\n<h3>Finition ferronnerie Brut rouill\u00e9 <\/h3>\n\n\n\n<p>La finition ferronnerie brut rouill\u00e9 offre \u00e0 vos r\u00e9alisation en fer un aspect brut et naturel. La finition rouill\u00e9 sans vernis est parfaite pour donner \u00e0 vos ferronneries un air d&rsquo;acier Corten. Nous le recommandons sur les potagers par exemple.<\/p>\n\n\n\n<h3>Finition ferronnerie Rouill\u00e9 vernis <\/h3>\n\n\n\n<p>Probablement notre finition pr\u00e9f\u00e9r\u00e9 chez Fer en Provence : la patine ancienne &#8211; soit la finition rouill\u00e9 vernis, typique des ferronneries traditionnelles proven\u00e7ale. Nous la proposons sur presque toutes nos cr\u00e9ations : tonnelle, pergola, menuiserie, mobilier, portail, grille &#8230;.<\/p>\n\n\n\n<h3>Finition ferronnerie Peinture durable <\/h3>\n\n\n\n<p>Choisissez la finition peinture durable, aussi appel\u00e9 finition thermolaqu\u00e9e pour vos projets de ferronnerie au contact de l&rsquo;eau. Cette peinture hautement r\u00e9sistante emp\u00eachera le fer de rouiller. Nous recommandons donc cette finition pour vos ferronneries en ext\u00e9rieur, les <a href=\"https:\/\/ferenprovence.com\/index.php\/cuisine-en-fer\/\">cuisines en fer<\/a> et vos r\u00e9alisations allant dans la <a href=\"https:\/\/ferenprovence.com\/index.php\/salle-de-bain\/\" target=\"_blank\" rel=\"noreferrer noopener\">salle de bain<\/a>, tel que les paroi de douches en fer et verre par exemple.<\/p>\n\n\n\n<h3>Finition ferronnerie Canon de fusil<\/h3>\n\n\n\n<p>Le fer Brut huil\u00e9 est une tr\u00e8s belle option pour une finition naturelle. En effet, celle-ci garde la couleur canon de fusil d&rsquo;origine de l&rsquo;acier pour un aspect industriel. C\u00f4t\u00e9 entretien, il faudra le huiler de temps en temps afin de le prot\u00e9ger de la rouille.<\/p>\n\n\n\n<h3>Finition Peinture <\/h3>\n\n\n\n<p>Fer en Provence vous propose \u00e9galement de peindre vos ferronneries de la couleur de votre choix avec une peinture acier. Nous nous fournissons chez <a href=\"https:\/\/arc-en-ciel-peintures-luberon.com\/fr\" target=\"_blank\" rel=\"noreferrer noopener\">Arc en Ciel peinture du Luberon<\/a> afin de garantir une \u00ab\u00a0peinture de qualit\u00e9 et un rendu d&rsquo;exception\u00a0\u00bb.<\/p>\n\n\n\n<p>Communiquez nos le RAL souhait\u00e9, nous nous ferons un plaisir de peindre vos cr\u00e9ations en fer. <\/p>\n","protected":false},"excerpt":{"rendered":"<p>Quelle finition pour votre projet ? Choisissez les finitions de votre ferronnerie D\u00e9couvrez le d\u00e9tail des finitions ferronnerie : Finition ferronnerie Brut rouill\u00e9 La finition ferronnerie brut rouill\u00e9 offre \u00e0 vos r\u00e9alisation en fer un aspect brut et naturel. La finition rouill\u00e9 sans vernis est parfaite pour donner \u00e0 vos ferronneries un air d&rsquo;acier Corten. &hellip; <\/p>\n<p class=\"link-more\"><a href=\"https:\/\/ferenprovence.com\/index.php\/finitions-ferronnerie-provence\/\" class=\"more-link\">Continuer la lecture <span class=\"screen-reader-text\"> \u00ab\u00a0Finitions\u00a0\u00bb<\/span><\/a><\/p>\n","protected":false},"author":1,"featured_media":0,"parent":0,"menu_order":0,"comment_status":"closed","ping_status":"closed","template":"","meta":[],"yoast_head":"<!-- This site is optimized with the Yoast SEO plugin v19.4 - https:\/\/yoast.com\/wordpress\/plugins\/seo\/ -->\n<title>Finitions - Fer en Provence - ferronnerie<\/title>\n<meta name=\"description\" content=\"Un large choix de finitions ferronnerie vous est propos\u00e9e pour vos projet en acier. D\u00e9couvrez le rendu des finitions disponibles ici.\" \/>\n<meta name=\"robots\" content=\"index, follow, max-snippet:-1, max-image-preview:large, max-video-preview:-1\" \/>\n<link rel=\"canonical\" href=\"https:\/\/ferenprovence.com\/index.php\/finitions-ferronnerie-provence\/\" \/>\n<meta property=\"og:locale\" content=\"fr_FR\" \/>\n<meta property=\"og:type\" content=\"article\" \/>\n<meta property=\"og:title\" content=\"Finitions - Fer en Provence - ferronnerie\" \/>\n<meta property=\"og:description\" content=\"Un large choix de finitions ferronnerie vous est propos\u00e9e pour vos projet en acier. D\u00e9couvrez le rendu des finitions disponibles ici.\" \/>\n<meta property=\"og:url\" content=\"https:\/\/ferenprovence.com\/index.php\/finitions-ferronnerie-provence\/\" \/>\n<meta property=\"og:site_name\" content=\"Fer en Provence\" \/>\n<meta property=\"article:publisher\" content=\"https:\/\/www.facebook.com\/ferenprovence\" \/>\n<meta property=\"article:modified_time\" content=\"2025-09-02T21:29:37+00:00\" \/>\n<meta property=\"og:image\" content=\"https:\/\/ferenprovence.com\/wp-content\/uploads\/2021\/11\/fer-en-provence-13-1024x1024.jpg\" \/>\n<meta name=\"twitter:card\" content=\"summary_large_image\" \/>\n<meta name=\"twitter:label1\" content=\"Dur\u00e9e de lecture estim\u00e9e\" \/>\n\t<meta name=\"twitter:data1\" content=\"1 minute\" \/>\n<script type=\"application\/ld+json\" class=\"yoast-schema-graph\">{\"@context\":\"https:\/\/schema.org\",\"@graph\":[{\"@type\":\"Organization\",\"@id\":\"https:\/\/ferenprovence.com\/#organization\",\"name\":\"Fer en Provence\",\"url\":\"https:\/\/ferenprovence.com\/\",\"sameAs\":[\"https:\/\/www.instagram.com\/ferenprovence\",\"https:\/\/www.pinterest.fr\/ferenprovence\",\"https:\/\/www.facebook.com\/ferenprovence\"],\"logo\":{\"@type\":\"ImageObject\",\"inLanguage\":\"fr-FR\",\"@id\":\"https:\/\/ferenprovence.com\/#\/schema\/logo\/image\/\",\"url\":\"https:\/\/ferenprovence.com\/wp-content\/uploads\/2021\/11\/cropped-Sans-titre.jpg\",\"contentUrl\":\"https:\/\/ferenprovence.com\/wp-content\/uploads\/2021\/11\/cropped-Sans-titre.jpg\",\"width\":250,\"height\":250,\"caption\":\"Fer en Provence\"},\"image\":{\"@id\":\"https:\/\/ferenprovence.com\/#\/schema\/logo\/image\/\"}},{\"@type\":\"WebSite\",\"@id\":\"https:\/\/ferenprovence.com\/#website\",\"url\":\"https:\/\/ferenprovence.com\/\",\"name\":\"Fer en Provence\",\"description\":\"Ferronnerie d&#039;art au coeur du Luberon\",\"publisher\":{\"@id\":\"https:\/\/ferenprovence.com\/#organization\"},\"potentialAction\":[{\"@type\":\"SearchAction\",\"target\":{\"@type\":\"EntryPoint\",\"urlTemplate\":\"https:\/\/ferenprovence.com\/?s={search_term_string}\"},\"query-input\":\"required name=search_term_string\"}],\"inLanguage\":\"fr-FR\"},{\"@type\":\"WebPage\",\"@id\":\"https:\/\/ferenprovence.com\/index.php\/finitions-ferronnerie-provence\/\",\"url\":\"https:\/\/ferenprovence.com\/index.php\/finitions-ferronnerie-provence\/\",\"name\":\"Finitions - Fer en Provence - ferronnerie\",\"isPartOf\":{\"@id\":\"https:\/\/ferenprovence.com\/#website\"},\"datePublished\":\"2021-11-05T16:13:31+00:00\",\"dateModified\":\"2025-09-02T21:29:37+00:00\",\"description\":\"Un large choix de finitions ferronnerie vous est propos\u00e9e pour vos projet en acier. D\u00e9couvrez le rendu des finitions disponibles ici.\",\"breadcrumb\":{\"@id\":\"https:\/\/ferenprovence.com\/index.php\/finitions-ferronnerie-provence\/#breadcrumb\"},\"inLanguage\":\"fr-FR\",\"potentialAction\":[{\"@type\":\"ReadAction\",\"target\":[\"https:\/\/ferenprovence.com\/index.php\/finitions-ferronnerie-provence\/\"]}]},{\"@type\":\"BreadcrumbList\",\"@id\":\"https:\/\/ferenprovence.com\/index.php\/finitions-ferronnerie-provence\/#breadcrumb\",\"itemListElement\":[{\"@type\":\"ListItem\",\"position\":1,\"name\":\"Accueil\",\"item\":\"https:\/\/ferenprovence.com\/\"},{\"@type\":\"ListItem\",\"position\":2,\"name\":\"Finitions\"}]}]}<\/script>\n<!-- \/ Yoast SEO plugin. -->","yoast_head_json":{"title":"Finitions - Fer en Provence - ferronnerie","description":"Un large choix de finitions ferronnerie vous est propos\u00e9e pour vos projet en acier. D\u00e9couvrez le rendu des finitions disponibles ici.","robots":{"index":"index","follow":"follow","max-snippet":"max-snippet:-1","max-image-preview":"max-image-preview:large","max-video-preview":"max-video-preview:-1"},"canonical":"https:\/\/ferenprovence.com\/index.php\/finitions-ferronnerie-provence\/","og_locale":"fr_FR","og_type":"article","og_title":"Finitions - Fer en Provence - ferronnerie","og_description":"Un large choix de finitions ferronnerie vous est propos\u00e9e pour vos projet en acier. D\u00e9couvrez le rendu des finitions disponibles ici.","og_url":"https:\/\/ferenprovence.com\/index.php\/finitions-ferronnerie-provence\/","og_site_name":"Fer en Provence","article_publisher":"https:\/\/www.facebook.com\/ferenprovence","article_modified_time":"2025-09-02T21:29:37+00:00","og_image":[{"url":"https:\/\/ferenprovence.com\/wp-content\/uploads\/2021\/11\/fer-en-provence-13-1024x1024.jpg"}],"twitter_card":"summary_large_image","twitter_misc":{"Dur\u00e9e de lecture estim\u00e9e":"1 minute"},"schema":{"@context":"https:\/\/schema.org","@graph":[{"@type":"Organization","@id":"https:\/\/ferenprovence.com\/#organization","name":"Fer en Provence","url":"https:\/\/ferenprovence.com\/","sameAs":["https:\/\/www.instagram.com\/ferenprovence","https:\/\/www.pinterest.fr\/ferenprovence","https:\/\/www.facebook.com\/ferenprovence"],"logo":{"@type":"ImageObject","inLanguage":"fr-FR","@id":"https:\/\/ferenprovence.com\/#\/schema\/logo\/image\/","url":"https:\/\/ferenprovence.com\/wp-content\/uploads\/2021\/11\/cropped-Sans-titre.jpg","contentUrl":"https:\/\/ferenprovence.com\/wp-content\/uploads\/2021\/11\/cropped-Sans-titre.jpg","width":250,"height":250,"caption":"Fer en Provence"},"image":{"@id":"https:\/\/ferenprovence.com\/#\/schema\/logo\/image\/"}},{"@type":"WebSite","@id":"https:\/\/ferenprovence.com\/#website","url":"https:\/\/ferenprovence.com\/","name":"Fer en Provence","description":"Ferronnerie d&#039;art au coeur du Luberon","publisher":{"@id":"https:\/\/ferenprovence.com\/#organization"},"potentialAction":[{"@type":"SearchAction","target":{"@type":"EntryPoint","urlTemplate":"https:\/\/ferenprovence.com\/?s={search_term_string}"},"query-input":"required name=search_term_string"}],"inLanguage":"fr-FR"},{"@type":"WebPage","@id":"https:\/\/ferenprovence.com\/index.php\/finitions-ferronnerie-provence\/","url":"https:\/\/ferenprovence.com\/index.php\/finitions-ferronnerie-provence\/","name":"Finitions - Fer en Provence - ferronnerie","isPartOf":{"@id":"https:\/\/ferenprovence.com\/#website"},"datePublished":"2021-11-05T16:13:31+00:00","dateModified":"2025-09-02T21:29:37+00:00","description":"Un large choix de finitions ferronnerie vous est propos\u00e9e pour vos projet en acier. D\u00e9couvrez le rendu des finitions disponibles ici.","breadcrumb":{"@id":"https:\/\/ferenprovence.com\/index.php\/finitions-ferronnerie-provence\/#breadcrumb"},"inLanguage":"fr-FR","potentialAction":[{"@type":"ReadAction","target":["https:\/\/ferenprovence.com\/index.php\/finitions-ferronnerie-provence\/"]}]},{"@type":"BreadcrumbList","@id":"https:\/\/ferenprovence.com\/index.php\/finitions-ferronnerie-provence\/#breadcrumb","itemListElement":[{"@type":"ListItem","position":1,"name":"Accueil","item":"https:\/\/ferenprovence.com\/"},{"@type":"ListItem","position":2,"name":"Finitions"}]}]}},"_links":{"self":[{"href":"https:\/\/ferenprovence.com\/index.php\/wp-json\/wp\/v2\/pages\/196"}],"collection":[{"href":"https:\/\/ferenprovence.com\/index.php\/wp-json\/wp\/v2\/pages"}],"about":[{"href":"https:\/\/ferenprovence.com\/index.php\/wp-json\/wp\/v2\/types\/page"}],"author":[{"embeddable":true,"href":"https:\/\/ferenprovence.com\/index.php\/wp-json\/wp\/v2\/users\/1"}],"replies":[{"embeddable":true,"href":"https:\/\/ferenprovence.com\/index.php\/wp-json\/wp\/v2\/comments?post=196"}],"version-history":[{"count":40,"href":"https:\/\/ferenprovence.com\/index.php\/wp-json\/wp\/v2\/pages\/196\/revisions"}],"predecessor-version":[{"id":2248,"href":"https:\/\/ferenprovence.com\/index.php\/wp-json\/wp\/v2\/pages\/196\/revisions\/2248"}],"wp:attachment":[{"href":"https:\/\/ferenprovence.com\/index.php\/wp-json\/wp\/v2\/media?parent=196"}],"curies":[{"name":"wp","href":"https:\/\/api.w.org\/{rel}","templated":true}]}}