{"id":2,"date":"2021-11-04T23:51:25","date_gmt":"2021-11-04T22:51:25","guid":{"rendered":"http:\/\/ferenprovence.com\/?page_id=2"},"modified":"2025-09-02T23:28:23","modified_gmt":"2025-09-02T21:28:23","slug":"rose-eternelle","status":"publish","type":"page","link":"https:\/\/ferenprovence.com\/index.php\/rose-eternelle\/","title":{"rendered":"Rose \u00c9ternelle"},"content":{"rendered":"\n<h2 class=\"alignwide\">Offrir des fleurs, c&rsquo;est bien. Offrir des Roses \u00e9ternelles, c&rsquo;est mieux.<\/h2>\n\n\n\n<div class=\"wp-block-columns alignfull\">\n<div class=\"wp-block-column\">\n<figure class=\"wp-block-image alignfull size-full\"><img loading=\"lazy\" width=\"996\" height=\"992\" src=\"https:\/\/ferenprovence.com\/wp-content\/uploads\/2022\/06\/rose_en_fer_forge_blacksmith_en_provence.png\" alt=\"\" class=\"wp-image-959\" srcset=\"https:\/\/ferenprovence.com\/wp-content\/uploads\/2022\/06\/rose_en_fer_forge_blacksmith_en_provence.png 996w, https:\/\/ferenprovence.com\/wp-content\/uploads\/2022\/06\/rose_en_fer_forge_blacksmith_en_provence-300x300.png 300w, https:\/\/ferenprovence.com\/wp-content\/uploads\/2022\/06\/rose_en_fer_forge_blacksmith_en_provence-150x150.png 150w, https:\/\/ferenprovence.com\/wp-content\/uploads\/2022\/06\/rose_en_fer_forge_blacksmith_en_provence-768x765.png 768w\" sizes=\"(max-width: 996px) 100vw, 996px\" \/><\/figure>\n<\/div>\n<\/div>\n\n\n\n<figure class=\"wp-block-pullquote alignwide\"><blockquote><p>Seule ou en Bouquet<\/p><\/blockquote><\/figure>\n\n\n\n<figure class=\"wp-block-image alignfull size-full\"><img loading=\"lazy\" width=\"975\" height=\"975\" src=\"https:\/\/ferenprovence.com\/wp-content\/uploads\/2023\/03\/ROSE-ETERNELLE-FER-EN-PROVENCE-EN-BOUQUET.jpg\" alt=\"\" class=\"wp-image-1002\" srcset=\"https:\/\/ferenprovence.com\/wp-content\/uploads\/2023\/03\/ROSE-ETERNELLE-FER-EN-PROVENCE-EN-BOUQUET.jpg 975w, https:\/\/ferenprovence.com\/wp-content\/uploads\/2023\/03\/ROSE-ETERNELLE-FER-EN-PROVENCE-EN-BOUQUET-300x300.jpg 300w, https:\/\/ferenprovence.com\/wp-content\/uploads\/2023\/03\/ROSE-ETERNELLE-FER-EN-PROVENCE-EN-BOUQUET-150x150.jpg 150w, https:\/\/ferenprovence.com\/wp-content\/uploads\/2023\/03\/ROSE-ETERNELLE-FER-EN-PROVENCE-EN-BOUQUET-768x768.jpg 768w\" sizes=\"(max-width: 975px) 100vw, 975px\" \/><\/figure>\n\n\n\n<div class=\"wp-block-columns alignwide\">\n<div class=\"wp-block-column\">\n<div class=\"wp-block-image\"><figure class=\"aligncenter size-large is-resized\"><a href=\"https:\/\/www.etsy.com\/fr\/listing\/1412396771\/rose-eternelle-en-fer?click_key=699a0d42931e9958112a32f7ddde3de13b6419a9%3A1412396771&amp;click_sum=d97e9bb9&amp;ref=shop_home_active_2\"><img loading=\"lazy\" src=\"https:\/\/ferenprovence.com\/wp-content\/uploads\/2021\/11\/fer-en-provence-15-1024x1024.jpg\" alt=\"choisissez la couleur de votre rose\" class=\"wp-image-668\" width=\"234\" height=\"234\" srcset=\"https:\/\/ferenprovence.com\/wp-content\/uploads\/2021\/11\/fer-en-provence-15-1024x1024.jpg 1024w, https:\/\/ferenprovence.com\/wp-content\/uploads\/2021\/11\/fer-en-provence-15-300x300.jpg 300w, https:\/\/ferenprovence.com\/wp-content\/uploads\/2021\/11\/fer-en-provence-15-150x150.jpg 150w, https:\/\/ferenprovence.com\/wp-content\/uploads\/2021\/11\/fer-en-provence-15-768x768.jpg 768w, https:\/\/ferenprovence.com\/wp-content\/uploads\/2021\/11\/fer-en-provence-15.jpg 1080w\" sizes=\"(max-width: 234px) 100vw, 234px\" \/><\/a><\/figure><\/div>\n<\/div>\n\n\n\n<div class=\"wp-block-column\">\n<div class=\"wp-block-image\"><figure class=\"alignright size-large is-resized\"><a href=\"https:\/\/ferenprovence.com\/\"><img loading=\"lazy\" src=\"https:\/\/ferenprovence.com\/wp-content\/uploads\/2021\/11\/fer-en-provence-13-1024x1024.jpg\" alt=\"\" class=\"wp-image-666\" width=\"236\" height=\"236\" srcset=\"https:\/\/ferenprovence.com\/wp-content\/uploads\/2021\/11\/fer-en-provence-13-1024x1024.jpg 1024w, https:\/\/ferenprovence.com\/wp-content\/uploads\/2021\/11\/fer-en-provence-13-300x300.jpg 300w, https:\/\/ferenprovence.com\/wp-content\/uploads\/2021\/11\/fer-en-provence-13-150x150.jpg 150w, https:\/\/ferenprovence.com\/wp-content\/uploads\/2021\/11\/fer-en-provence-13-768x768.jpg 768w, https:\/\/ferenprovence.com\/wp-content\/uploads\/2021\/11\/fer-en-provence-13.jpg 1080w\" sizes=\"(max-width: 236px) 100vw, 236px\" \/><\/a><\/figure><\/div>\n\n\n\n<p><\/p>\n<\/div>\n<\/div>\n\n\n\n<h2>La Rose \u00e9ternelle<\/h2>\n\n\n\n<p>Soyez certain de faire plaisir avec un cadeau original en offrant une rose \u00e9ternelle en fer forg\u00e9e, un cadeau unique qui dure toute une vie.<\/p>\n\n\n\n<p>Offrir une rose \u00e9ternelle symbolise un amour qui ne fanera jamais. En plus de sa symbolique tr\u00e8s romantique, la rose qui ne fane pas est une alternative \u00e9cologique \u00e0 un bouquet de fleur. Nous proposons nos roses en finition patine ancienne, mais nous vous proposons \u00e9galement de personnaliser votre rose selon vos go\u00fbts en choisissant sa couleur. <\/p>\n\n\n\n<p>Nous rappelons \u00e0 cet effet que la couleur d&rsquo;une rose \u00e0 \u00e9galement sa symbolique. Une rose rouge symbolise la passion. Une rose blanche symbolise une relation saine et vertueuse. Une rose jaune symbolise la richesse et la chance. Une rose rose est symbole de tendresse et d&rsquo;attachement. Une rose violette symbolise la nostalgie. Une rose noire est symbole de la fin d&rsquo;une relation passionnelle. Une rose bleue symbolise le myst\u00e8re. <\/p>\n\n\n\n<p><\/p>\n","protected":false},"excerpt":{"rendered":"<p>Offrir des fleurs, c&rsquo;est bien. Offrir des Roses \u00e9ternelles, c&rsquo;est mieux. Seule ou en Bouquet La Rose \u00e9ternelle Soyez certain de faire plaisir avec un cadeau original en offrant une rose \u00e9ternelle en fer forg\u00e9e, un cadeau unique qui dure toute une vie. Offrir une rose \u00e9ternelle symbolise un amour qui ne fanera jamais. En &hellip; <\/p>\n<p class=\"link-more\"><a href=\"https:\/\/ferenprovence.com\/index.php\/rose-eternelle\/\" class=\"more-link\">Continuer la lecture <span class=\"screen-reader-text\"> \u00ab\u00a0Rose \u00c9ternelle\u00a0\u00bb<\/span><\/a><\/p>\n","protected":false},"author":1,"featured_media":0,"parent":0,"menu_order":0,"comment_status":"closed","ping_status":"open","template":"","meta":[],"yoast_head":"<!-- This site is optimized with the Yoast SEO plugin v19.4 - https:\/\/yoast.com\/wordpress\/plugins\/seo\/ -->\n<title>Rose \u00c9ternelle - Fer en Provence - Rose en Fer forg\u00e9e<\/title>\n<meta name=\"description\" content=\"Envie de faire plaisir avec un cadeau intemporel fait \u00e0 la main ? D\u00e9couvrez la Rose \u00e9ternelle en fer sur-mesure pour d\u00e9clarer votre amour\" \/>\n<meta name=\"robots\" content=\"index, follow, max-snippet:-1, max-image-preview:large, max-video-preview:-1\" \/>\n<link rel=\"canonical\" href=\"https:\/\/ferenprovence.com\/index.php\/rose-eternelle\/\" \/>\n<meta property=\"og:locale\" content=\"fr_FR\" \/>\n<meta property=\"og:type\" content=\"article\" \/>\n<meta property=\"og:title\" content=\"Rose \u00c9ternelle - Fer en Provence - Rose en Fer forg\u00e9e\" \/>\n<meta property=\"og:description\" content=\"Envie de faire plaisir avec un cadeau intemporel fait \u00e0 la main ? D\u00e9couvrez la Rose \u00e9ternelle en fer sur-mesure pour d\u00e9clarer votre amour\" \/>\n<meta property=\"og:url\" content=\"https:\/\/ferenprovence.com\/index.php\/rose-eternelle\/\" \/>\n<meta property=\"og:site_name\" content=\"Fer en Provence\" \/>\n<meta property=\"article:publisher\" content=\"https:\/\/www.facebook.com\/ferenprovence\" \/>\n<meta property=\"article:modified_time\" content=\"2025-09-02T21:28:23+00:00\" \/>\n<meta property=\"og:image\" content=\"https:\/\/ferenprovence.com\/wp-content\/uploads\/2022\/06\/rose_en_fer_forge_blacksmith_en_provence.png\" \/>\n<meta name=\"twitter:card\" content=\"summary_large_image\" \/>\n<meta name=\"twitter:label1\" content=\"Dur\u00e9e de lecture estim\u00e9e\" \/>\n\t<meta name=\"twitter:data1\" content=\"1 minute\" \/>\n<script type=\"application\/ld+json\" class=\"yoast-schema-graph\">{\"@context\":\"https:\/\/schema.org\",\"@graph\":[{\"@type\":\"Organization\",\"@id\":\"https:\/\/ferenprovence.com\/#organization\",\"name\":\"Fer en Provence\",\"url\":\"https:\/\/ferenprovence.com\/\",\"sameAs\":[\"https:\/\/www.instagram.com\/ferenprovence\",\"https:\/\/www.pinterest.fr\/ferenprovence\",\"https:\/\/www.facebook.com\/ferenprovence\"],\"logo\":{\"@type\":\"ImageObject\",\"inLanguage\":\"fr-FR\",\"@id\":\"https:\/\/ferenprovence.com\/#\/schema\/logo\/image\/\",\"url\":\"https:\/\/ferenprovence.com\/wp-content\/uploads\/2021\/11\/cropped-Sans-titre.jpg\",\"contentUrl\":\"https:\/\/ferenprovence.com\/wp-content\/uploads\/2021\/11\/cropped-Sans-titre.jpg\",\"width\":250,\"height\":250,\"caption\":\"Fer en Provence\"},\"image\":{\"@id\":\"https:\/\/ferenprovence.com\/#\/schema\/logo\/image\/\"}},{\"@type\":\"WebSite\",\"@id\":\"https:\/\/ferenprovence.com\/#website\",\"url\":\"https:\/\/ferenprovence.com\/\",\"name\":\"Fer en Provence\",\"description\":\"Ferronnerie d&#039;art au coeur du Luberon\",\"publisher\":{\"@id\":\"https:\/\/ferenprovence.com\/#organization\"},\"potentialAction\":[{\"@type\":\"SearchAction\",\"target\":{\"@type\":\"EntryPoint\",\"urlTemplate\":\"https:\/\/ferenprovence.com\/?s={search_term_string}\"},\"query-input\":\"required name=search_term_string\"}],\"inLanguage\":\"fr-FR\"},{\"@type\":\"WebPage\",\"@id\":\"https:\/\/ferenprovence.com\/index.php\/rose-eternelle\/\",\"url\":\"https:\/\/ferenprovence.com\/index.php\/rose-eternelle\/\",\"name\":\"Rose \u00c9ternelle - Fer en Provence - Rose en Fer forg\u00e9e\",\"isPartOf\":{\"@id\":\"https:\/\/ferenprovence.com\/#website\"},\"datePublished\":\"2021-11-04T22:51:25+00:00\",\"dateModified\":\"2025-09-02T21:28:23+00:00\",\"description\":\"Envie de faire plaisir avec un cadeau intemporel fait \u00e0 la main ? D\u00e9couvrez la Rose \u00e9ternelle en fer sur-mesure pour d\u00e9clarer votre amour\",\"breadcrumb\":{\"@id\":\"https:\/\/ferenprovence.com\/index.php\/rose-eternelle\/#breadcrumb\"},\"inLanguage\":\"fr-FR\",\"potentialAction\":[{\"@type\":\"ReadAction\",\"target\":[\"https:\/\/ferenprovence.com\/index.php\/rose-eternelle\/\"]}]},{\"@type\":\"BreadcrumbList\",\"@id\":\"https:\/\/ferenprovence.com\/index.php\/rose-eternelle\/#breadcrumb\",\"itemListElement\":[{\"@type\":\"ListItem\",\"position\":1,\"name\":\"Accueil\",\"item\":\"https:\/\/ferenprovence.com\/\"},{\"@type\":\"ListItem\",\"position\":2,\"name\":\"Rose \u00c9ternelle\"}]}]}<\/script>\n<!-- \/ Yoast SEO plugin. -->","yoast_head_json":{"title":"Rose \u00c9ternelle - Fer en Provence - Rose en Fer forg\u00e9e","description":"Envie de faire plaisir avec un cadeau intemporel fait \u00e0 la main ? D\u00e9couvrez la Rose \u00e9ternelle en fer sur-mesure pour d\u00e9clarer votre amour","robots":{"index":"index","follow":"follow","max-snippet":"max-snippet:-1","max-image-preview":"max-image-preview:large","max-video-preview":"max-video-preview:-1"},"canonical":"https:\/\/ferenprovence.com\/index.php\/rose-eternelle\/","og_locale":"fr_FR","og_type":"article","og_title":"Rose \u00c9ternelle - Fer en Provence - Rose en Fer forg\u00e9e","og_description":"Envie de faire plaisir avec un cadeau intemporel fait \u00e0 la main ? D\u00e9couvrez la Rose \u00e9ternelle en fer sur-mesure pour d\u00e9clarer votre amour","og_url":"https:\/\/ferenprovence.com\/index.php\/rose-eternelle\/","og_site_name":"Fer en Provence","article_publisher":"https:\/\/www.facebook.com\/ferenprovence","article_modified_time":"2025-09-02T21:28:23+00:00","og_image":[{"url":"https:\/\/ferenprovence.com\/wp-content\/uploads\/2022\/06\/rose_en_fer_forge_blacksmith_en_provence.png"}],"twitter_card":"summary_large_image","twitter_misc":{"Dur\u00e9e de lecture estim\u00e9e":"1 minute"},"schema":{"@context":"https:\/\/schema.org","@graph":[{"@type":"Organization","@id":"https:\/\/ferenprovence.com\/#organization","name":"Fer en Provence","url":"https:\/\/ferenprovence.com\/","sameAs":["https:\/\/www.instagram.com\/ferenprovence","https:\/\/www.pinterest.fr\/ferenprovence","https:\/\/www.facebook.com\/ferenprovence"],"logo":{"@type":"ImageObject","inLanguage":"fr-FR","@id":"https:\/\/ferenprovence.com\/#\/schema\/logo\/image\/","url":"https:\/\/ferenprovence.com\/wp-content\/uploads\/2021\/11\/cropped-Sans-titre.jpg","contentUrl":"https:\/\/ferenprovence.com\/wp-content\/uploads\/2021\/11\/cropped-Sans-titre.jpg","width":250,"height":250,"caption":"Fer en Provence"},"image":{"@id":"https:\/\/ferenprovence.com\/#\/schema\/logo\/image\/"}},{"@type":"WebSite","@id":"https:\/\/ferenprovence.com\/#website","url":"https:\/\/ferenprovence.com\/","name":"Fer en Provence","description":"Ferronnerie d&#039;art au coeur du Luberon","publisher":{"@id":"https:\/\/ferenprovence.com\/#organization"},"potentialAction":[{"@type":"SearchAction","target":{"@type":"EntryPoint","urlTemplate":"https:\/\/ferenprovence.com\/?s={search_term_string}"},"query-input":"required name=search_term_string"}],"inLanguage":"fr-FR"},{"@type":"WebPage","@id":"https:\/\/ferenprovence.com\/index.php\/rose-eternelle\/","url":"https:\/\/ferenprovence.com\/index.php\/rose-eternelle\/","name":"Rose \u00c9ternelle - Fer en Provence - Rose en Fer forg\u00e9e","isPartOf":{"@id":"https:\/\/ferenprovence.com\/#website"},"datePublished":"2021-11-04T22:51:25+00:00","dateModified":"2025-09-02T21:28:23+00:00","description":"Envie de faire plaisir avec un cadeau intemporel fait \u00e0 la main ? D\u00e9couvrez la Rose \u00e9ternelle en fer sur-mesure pour d\u00e9clarer votre amour","breadcrumb":{"@id":"https:\/\/ferenprovence.com\/index.php\/rose-eternelle\/#breadcrumb"},"inLanguage":"fr-FR","potentialAction":[{"@type":"ReadAction","target":["https:\/\/ferenprovence.com\/index.php\/rose-eternelle\/"]}]},{"@type":"BreadcrumbList","@id":"https:\/\/ferenprovence.com\/index.php\/rose-eternelle\/#breadcrumb","itemListElement":[{"@type":"ListItem","position":1,"name":"Accueil","item":"https:\/\/ferenprovence.com\/"},{"@type":"ListItem","position":2,"name":"Rose \u00c9ternelle"}]}]}},"_links":{"self":[{"href":"https:\/\/ferenprovence.com\/index.php\/wp-json\/wp\/v2\/pages\/2"}],"collection":[{"href":"https:\/\/ferenprovence.com\/index.php\/wp-json\/wp\/v2\/pages"}],"about":[{"href":"https:\/\/ferenprovence.com\/index.php\/wp-json\/wp\/v2\/types\/page"}],"author":[{"embeddable":true,"href":"https:\/\/ferenprovence.com\/index.php\/wp-json\/wp\/v2\/users\/1"}],"replies":[{"embeddable":true,"href":"https:\/\/ferenprovence.com\/index.php\/wp-json\/wp\/v2\/comments?post=2"}],"version-history":[{"count":39,"href":"https:\/\/ferenprovence.com\/index.php\/wp-json\/wp\/v2\/pages\/2\/revisions"}],"predecessor-version":[{"id":2245,"href":"https:\/\/ferenprovence.com\/index.php\/wp-json\/wp\/v2\/pages\/2\/revisions\/2245"}],"wp:attachment":[{"href":"https:\/\/ferenprovence.com\/index.php\/wp-json\/wp\/v2\/media?parent=2"}],"curies":[{"name":"wp","href":"https:\/\/api.w.org\/{rel}","templated":true}]}}